{"id":157,"date":"2022-01-27T21:42:46","date_gmt":"2022-01-27T21:42:46","guid":{"rendered":"http:\/\/c2500397.ferozo.com\/?page_id=157"},"modified":"2022-04-12T13:31:55","modified_gmt":"2022-04-12T13:31:55","slug":"somos","status":"publish","type":"page","link":"https:\/\/www.zettabyte.com.ar\/site\/somos\/","title":{"rendered":"Somos"},"content":{"rendered":"<p>[et_pb_section fb_built=\u00bb1&#8243; admin_label=\u00bbHeader\u00bb _builder_version=\u00bb4.14.7&#8243; background_color=\u00bb#f1fafe\u00bb use_background_color_gradient=\u00bbon\u00bb background_color_gradient_start=\u00bb#47d7ff\u00bb background_color_gradient_end=\u00bb#0029e2&#8243; background_color_gradient_type=\u00bbradial\u00bb background_color_gradient_direction_radial=\u00bbtop\u00bb background_image=\u00bbhttps:\/\/www.zettabyte.com.ar\/site\/wp-content\/uploads\/2022\/01\/cyber-security-08.png\u00bb custom_padding=\u00bb||0px|||\u00bb background_last_edited=\u00bbon|phone\u00bb background_position_tablet=\u00bbcenter_right\u00bb locked=\u00bboff\u00bb global_colors_info=\u00bb{}\u00bb][et_pb_row column_structure=\u00bb3_5,2_5&#8243; _builder_version=\u00bb3.25.1&#8243; global_colors_info=\u00bb{}\u00bb][et_pb_column type=\u00bb3_5&#8243; _builder_version=\u00bb3.25.1&#8243; global_colors_info=\u00bb{}\u00bb][et_pb_image src=\u00bbhttps:\/\/www.zettabyte.com.ar\/site\/wp-content\/uploads\/2022\/01\/cyber-security-10.png\u00bb _builder_version=\u00bb4.14.7&#8243; width=\u00bb130%\u00bb max_width_tablet=\u00bb400px\u00bb max_width_phone=\u00bb200px\u00bb max_width_last_edited=\u00bbon|desktop\u00bb custom_margin=\u00bb|||-15vw|false|false\u00bb custom_margin_tablet=\u00bb|||0vw\u00bb custom_margin_phone=\u00bb\u00bb custom_margin_last_edited=\u00bbon|desktop\u00bb animation_style=\u00bbzoom\u00bb animation_intensity_zoom=\u00bb5%\u00bb locked=\u00bboff\u00bb global_colors_info=\u00bb{}\u00bb][\/et_pb_image][\/et_pb_column][et_pb_column type=\u00bb2_5&#8243; _builder_version=\u00bb3.25.1&#8243; global_colors_info=\u00bb{}\u00bb][et_pb_text _builder_version=\u00bb4.14.7&#8243; text_font=\u00bb||||||||\u00bb header_font=\u00bbOverpass|900|||||||\u00bb header_font_size=\u00bb65px\u00bb header_font_size_tablet=\u00bb54px\u00bb header_font_size_phone=\u00bb32px\u00bb header_font_size_last_edited=\u00bbon|desktop\u00bb locked=\u00bboff\u00bb global_colors_info=\u00bb{}\u00bb]<\/p>\n<h1>\u00bfQue es Zettabytes?<\/h1>\n<p>[\/et_pb_text][et_pb_text _builder_version=\u00bb4.14.7&#8243; text_font=\u00bbOverpass||||||||\u00bb text_font_size=\u00bb21px\u00bb text_line_height=\u00bb1.8em\u00bb header_font_size=\u00bb32px\u00bb text_font_size_tablet=\u00bb\u00bb text_font_size_phone=\u00bb14px\u00bb text_font_size_last_edited=\u00bbon|desktop\u00bb locked=\u00bboff\u00bb global_colors_info=\u00bb{}\u00bb]<\/p>\n<p>Una empresa que piensa en las mejores soluciones tecnol\u00f3gicas para empresas y organismos.<\/p>\n<p>ZettaByte nace en el a\u00f1o 2007, de la voluntad de un grupo de personas con muchos a\u00f1os de experiencia en el segmento de IT.<\/p>\n<p>Convencidos que la nueva realidad econ\u00f3mica en nuestro pa\u00eds generar\u00eda nuevas necesidades en las empresas, sumamos al expertise en consultor\u00eda la capacitaci\u00f3n de nuestro equipo comercial, focaliz\u00e1ndolo en la calidad de atenci\u00f3n y respuesta, generando a trav\u00e9s del trabajo diario una relaci\u00f3n integrada con nuestros clientes en cada uno de sus proyectos.<\/p>\n<p>[\/et_pb_text][\/et_pb_column][\/et_pb_row][\/et_pb_section][et_pb_section fb_built=\u00bb1&#8243; prev_background_color=\u00bb#f1fafe\u00bb admin_label=\u00bbFeatures\u00bb _builder_version=\u00bb3.25.3&#8243; custom_margin=\u00bb||\u00bb custom_padding=\u00bb134px||||false|\u00bb top_divider_style=\u00bbslant\u00bb top_divider_height=\u00bb20vw\u00bb bottom_divider_height=\u00bb20vw\u00bb global_colors_info=\u00bb{}\u00bb][et_pb_row column_structure=\u00bb1_2,1_2&#8243; _builder_version=\u00bb3.25.3&#8243; custom_margin=\u00bb||-4vw\u00bb locked=\u00bboff\u00bb global_colors_info=\u00bb{}\u00bb][et_pb_column type=\u00bb1_2&#8243; _builder_version=\u00bb3.25.1&#8243; global_colors_info=\u00bb{}\u00bb][et_pb_blurb title=\u00bbInvestigaci\u00f3n constante\u00bb image=\u00bbhttps:\/\/www.zettabyte.com.ar\/site\/wp-content\/uploads\/2022\/01\/cyber-security-illustrated-icons-07.png\u00bb _builder_version=\u00bb4.14.7&#8243; header_font=\u00bbOverpass|900|||||||\u00bb header_line_height=\u00bb1.4em\u00bb body_font=\u00bbOverpass|300|||||||\u00bb body_line_height=\u00bb1.8em\u00bb text_orientation=\u00bbcenter\u00bb global_colors_info=\u00bb{}\u00bb]<\/p>\n<p>Nos mantenemos actualizados con las \u00faltimas novedades y descubrimientos sobre tecnolog\u00eda, comunicaci\u00f3n y ciberseguridad<\/p>\n<p>[\/et_pb_blurb][et_pb_blurb title=\u00bbEra Digital\u00bb image=\u00bbhttps:\/\/www.zettabyte.com.ar\/site\/wp-content\/uploads\/2022\/01\/cyber-security-illustrated-icons-05.png\u00bb _builder_version=\u00bb4.14.7&#8243; header_font=\u00bbOverpass|900|||||||\u00bb header_line_height=\u00bb1.4em\u00bb body_font=\u00bbOverpass|300|||||||\u00bb body_line_height=\u00bb1.8em\u00bb text_orientation=\u00bbcenter\u00bb global_colors_info=\u00bb{}\u00bb]<\/p>\n<p>Innovando en la manera de transitar el camino desde lo anal\u00f3gico al uso de nuevas herramientas agiles y efectivas<\/p>\n<p>[\/et_pb_blurb][\/et_pb_column][et_pb_column type=\u00bb1_2&#8243; _builder_version=\u00bb3.25.1&#8243; transform_scale_tablet=\u00bb\u00bb transform_scale_phone=\u00bb\u00bb transform_scale_last_edited=\u00bbon|desktop\u00bb transform_translate=\u00bb0px|94px\u00bb transform_translate_tablet=\u00bb0px|0px\u00bb transform_translate_phone=\u00bb\u00bb transform_translate_last_edited=\u00bbon|tablet\u00bb transform_translate_linked=\u00bboff\u00bb transform_rotate_tablet=\u00bb\u00bb transform_rotate_phone=\u00bb\u00bb transform_rotate_last_edited=\u00bbon|desktop\u00bb transform_skew_tablet=\u00bb\u00bb transform_skew_phone=\u00bb\u00bb transform_skew_last_edited=\u00bbon|desktop\u00bb transform_origin_tablet=\u00bb\u00bb transform_origin_phone=\u00bb\u00bb transform_origin_last_edited=\u00bbon|desktop\u00bb transform_styles_last_edited=\u00bbon|tablet\u00bb transform_styles_tablet=\u00bb\u00bb transform_styles_phone=\u00bb\u00bb global_colors_info=\u00bb{}\u00bb][et_pb_blurb title=\u00bbTu Nube\u00bb image=\u00bbhttps:\/\/www.zettabyte.com.ar\/site\/wp-content\/uploads\/2022\/01\/cyber-security-illustrated-icons-03.png\u00bb _builder_version=\u00bb4.14.7&#8243; header_font=\u00bbOverpass|900|||||||\u00bb header_line_height=\u00bb1.4em\u00bb body_font=\u00bbOverpass|300|||||||\u00bb body_line_height=\u00bb1.8em\u00bb text_orientation=\u00bbcenter\u00bb locked=\u00bboff\u00bb global_colors_info=\u00bb{}\u00bb]<\/p>\n<p>Con toda tu informaci\u00f3n en la palma de tu mano cuando lo necesites, sin filtraciones, sin inconvenientes<\/p>\n<p>[\/et_pb_blurb][et_pb_blurb title=\u00bbSeguridad ante todo\u00bb image=\u00bbhttps:\/\/www.zettabyte.com.ar\/site\/wp-content\/uploads\/2022\/01\/cyber-security-illustrated-icons-06.png\u00bb _builder_version=\u00bb4.14.7&#8243; header_font=\u00bbOverpass|900|||||||\u00bb header_line_height=\u00bb1.4em\u00bb body_font=\u00bbOverpass|300|||||||\u00bb body_line_height=\u00bb1.8em\u00bb text_orientation=\u00bbcenter\u00bb locked=\u00bboff\u00bb global_colors_info=\u00bb{}\u00bb]<\/p>\n<p>Soluciones integrales de seguridad, resultado de a\u00f1os de experiencia y una mejora continua en nuestras prestaciones<\/p>\n<p>[\/et_pb_blurb][\/et_pb_column][\/et_pb_row][\/et_pb_section][et_pb_section fb_built=\u00bb1&#8243; prev_background_color=\u00bb#ffffff\u00bb admin_label=\u00bbAbout\u00bb _builder_version=\u00bb4.14.7&#8243; use_background_color_gradient=\u00bbon\u00bb background_color_gradient_start=\u00bb#004183&#8243; background_color_gradient_end=\u00bb#001f4c\u00bb background_color_gradient_type=\u00bbradial\u00bb background_image=\u00bbhttps:\/\/www.zettabyte.com.ar\/site\/wp-content\/uploads\/2022\/01\/cyber-security-04.png\u00bb background_size=\u00bbcontain\u00bb background_position=\u00bbbottom_right\u00bb vertical_offset=\u00bb-45px\u00bb custom_margin=\u00bb||-21vw|||\u00bb custom_padding=\u00bb0px||27vw|||\u00bb top_divider_style=\u00bbslant\u00bb top_divider_height=\u00bb20vw\u00bb locked=\u00bboff\u00bb global_colors_info=\u00bb{}\u00bb][et_pb_row column_structure=\u00bb3_5,2_5&#8243; _builder_version=\u00bb4.14.7&#8243; custom_padding=\u00bb50px|||||\u00bb global_colors_info=\u00bb{}\u00bb][et_pb_column type=\u00bb3_5&#8243; _builder_version=\u00bb4.14.7&#8243; custom_padding=\u00bb9vw||\u00bb custom_padding_tablet=\u00bb0vw||\u00bb custom_padding_last_edited=\u00bboff|desktop\u00bb global_colors_info=\u00bb{}\u00bb][et_pb_text _builder_version=\u00bb4.14.7&#8243; text_font=\u00bb||||||||\u00bb header_2_font=\u00bbOverpass|900|||||||\u00bb header_2_font_size=\u00bb56px\u00bb header_2_line_height=\u00bb1.1em\u00bb header_3_font=\u00bbOverpass|600|||||||\u00bb header_3_text_color=\u00bb#00b4ff\u00bb header_3_font_size=\u00bb30px\u00bb header_3_line_height=\u00bb1.2em\u00bb background_layout=\u00bbdark\u00bb header_2_font_size_tablet=\u00bb38px\u00bb header_2_font_size_phone=\u00bb26px\u00bb header_2_font_size_last_edited=\u00bbon|desktop\u00bb header_3_font_tablet=\u00bb\u00bb header_3_font_phone=\u00bbOverpass|700|||||||\u00bb header_3_font_last_edited=\u00bbon|phone\u00bb header_3_font_size_tablet=\u00bb24px\u00bb header_3_font_size_phone=\u00bb18px\u00bb header_3_font_size_last_edited=\u00bbon|desktop\u00bb locked=\u00bboff\u00bb global_colors_info=\u00bb{}\u00bb]<\/p>\n<h3>Enfoque<\/h3>\n<h2><span>R\u00e1pida y efectiva obtenci\u00f3n de resultados<\/span><\/h2>\n<p>[\/et_pb_text][et_pb_divider color=\u00bb#00b4ff\u00bb divider_weight=\u00bb2px\u00bb _builder_version=\u00bb3.25.1&#8243; width=\u00bb100px\u00bb custom_margin=\u00bb||0px\u00bb global_colors_info=\u00bb{}\u00bb][\/et_pb_divider][et_pb_text _builder_version=\u00bb4.14.7&#8243; text_font=\u00bbOverpass|300|||||||\u00bb text_font_size=\u00bb17px\u00bb text_line_height=\u00bb1.8em\u00bb background_layout=\u00bbdark\u00bb text_font_size_tablet=\u00bb\u00bb text_font_size_phone=\u00bb14px\u00bb text_font_size_last_edited=\u00bbon|desktop\u00bb locked=\u00bboff\u00bb global_colors_info=\u00bb{}\u00bb]<\/p>\n<p>Nos abocamos a brindar y desarrollar soluciones de IT, relevando las necesidades t\u00e9cnicas y de equipamiento, entendiendo que cada empresa es una organizaci\u00f3n din\u00e1mica y, en su complejidad, necesita respuesta hacia todas las \u00e1reas y gerencias involucradas en cada negocio.<\/p>\n<p>Nuestra estructura atiende en sincron\u00eda cada requerimiento, a trav\u00e9s de un equipo liderado por reconocidos profesionales de larga trayectoria en el \u00e1rea de gesti\u00f3n, inform\u00e1tica y telecomunicaciones.<\/p>\n<p>[\/et_pb_text][et_pb_button button_text=\u00bbConvers\u00e1 con uno de nuestros especialistas\u00bb _builder_version=\u00bb4.14.7&#8243; custom_button=\u00bbon\u00bb button_text_size=\u00bb14px\u00bb button_text_color=\u00bb#00b4ff\u00bb button_bg_color=\u00bbrgba(0,0,0,0)\u00bb button_border_width=\u00bb2px\u00bb button_border_color=\u00bb#00b4ff\u00bb button_border_radius=\u00bb100px\u00bb button_font=\u00bbOverpass|900||on|||||\u00bb button_use_icon=\u00bboff\u00bb custom_padding=\u00bb12px|24px|12px|24px|true|true\u00bb hover_enabled=\u00bb0&#8243; box_shadow_style=\u00bbpreset3&#8243; box_shadow_vertical=\u00bb0px\u00bb box_shadow_blur=\u00bb0px\u00bb box_shadow_spread=\u00bb-10px\u00bb box_shadow_color=\u00bbrgba(25,114,255,0.4)\u00bb locked=\u00bboff\u00bb global_colors_info=\u00bb{}\u00bb box_shadow_color__hover=\u00bb#2585b2&#8243; box_shadow_blur__hover_enabled=\u00bbon\u00bb box_shadow_blur__hover=\u00bb40px\u00bb box_shadow_vertical__hover_enabled=\u00bbon\u00bb box_shadow_vertical__hover=\u00bb10px\u00bb button_url=\u00bbhttps:\/\/wa.link\/qoadhu\u00bb sticky_enabled=\u00bb0&#8243;][\/et_pb_button][\/et_pb_column][et_pb_column type=\u00bb2_5&#8243; _builder_version=\u00bb4.14.7&#8243; custom_padding=\u00bb35vw||||false|false\u00bb custom_padding_tablet=\u00bb0vw||\u00bb custom_padding_phone=\u00bb\u00bb custom_padding_last_edited=\u00bbon|desktop\u00bb global_colors_info=\u00bb{}\u00bb][\/et_pb_column][\/et_pb_row][\/et_pb_section][et_pb_section fb_built=\u00bb1&#8243; admin_label=\u00bbFooter\u00bb _builder_version=\u00bb4.14.7&#8243; use_background_color_gradient=\u00bbon\u00bb background_color_gradient_start=\u00bb#3122b2&#8243; background_color_gradient_end=\u00bb#47d7ff\u00bb background_color_gradient_type=\u00bbradial\u00bb background_color_gradient_direction_radial=\u00bbtop right\u00bb background_image=\u00bbhttps:\/\/www.zettabyte.com.ar\/site\/wp-content\/uploads\/2022\/01\/cyber-security-17.png\u00bb vertical_offset=\u00bb0px\u00bb z_index=\u00bb10&#8243; overflow-x=\u00bbvisible\u00bb overflow-y=\u00bbvisible\u00bb custom_padding=\u00bb||6vw|||\u00bb locked=\u00bboff\u00bb global_colors_info=\u00bb{}\u00bb][et_pb_row column_structure=\u00bb2_5,3_5&#8243; make_equal=\u00bbon\u00bb _builder_version=\u00bb4.14.7&#8243; background_color=\u00bb#ffffff\u00bb width_last_edited=\u00bbon|phone\u00bb height_last_edited=\u00bbon|phone\u00bb custom_margin=\u00bb-146px|auto|-2px|auto||\u00bb custom_margin_tablet=\u00bb-146px|auto|-2px|auto||\u00bb custom_margin_phone=\u00bb-95px|auto|-2px|auto|false|false\u00bb custom_margin_last_edited=\u00bbon|phone\u00bb custom_padding=\u00bb0px||0px||true\u00bb border_radii=\u00bbon|10px|10px|10px|10px\u00bb box_shadow_style=\u00bbpreset1&#8243; box_shadow_vertical=\u00bb40px\u00bb box_shadow_blur=\u00bb60px\u00bb box_shadow_spread=\u00bb-8px\u00bb box_shadow_color=\u00bbrgba(10,45,97,0.48)\u00bb global_module=\u00bb221&#8243; saved_tabs=\u00bball\u00bb locked=\u00bboff\u00bb global_colors_info=\u00bb{}\u00bb][et_pb_column type=\u00bb2_5&#8243; _builder_version=\u00bb4.14.7&#8243; custom_padding=\u00bb60px|40px|60px|40px|true|true\u00bb custom_padding_tablet=\u00bb\u00bb custom_padding_phone=\u00bb45px||0px||false|true\u00bb custom_padding_last_edited=\u00bbon|phone\u00bb global_colors_info=\u00bb{}\u00bb][et_pb_text _builder_version=\u00bb4.14.7&#8243; header_2_font=\u00bbOverpass|900|||||||\u00bb header_2_font_size=\u00bb45px\u00bb header_2_line_height=\u00bb1.1em\u00bb header_2_font_size_tablet=\u00bb38px\u00bb header_2_font_size_phone=\u00bb26px\u00bb header_2_font_size_last_edited=\u00bbon|desktop\u00bb locked=\u00bboff\u00bb global_colors_info=\u00bb{}\u00bb]<\/p>\n<h2>Como contactarnos<\/h2>\n<p>[\/et_pb_text][et_pb_blurb title=\u00bb+54 9 1132936100&#8243; use_icon=\u00bbon\u00bb font_icon=\u00bb&#xe090;||divi||400&#8243; icon_color=\u00bb#006ac1&#8243; icon_placement=\u00bbleft\u00bb image_icon_width=\u00bb24px\u00bb _builder_version=\u00bb4.14.7&#8243; header_font=\u00bbOverpass|900|||||||\u00bb header_line_height=\u00bb1.4em\u00bb body_font=\u00bbOverpass|300|||||||\u00bb body_line_height=\u00bb1.8em\u00bb text_orientation=\u00bbcenter\u00bb icon_font_size=\u00bb24px\u00bb locked=\u00bboff\u00bb global_colors_info=\u00bb{}\u00bb][\/et_pb_blurb][et_pb_blurb title=\u00bbMaipu 231 Piso 3 Oficina 58&#8243; use_icon=\u00bbon\u00bb font_icon=\u00bb&#xe081;||divi||400&#8243; icon_color=\u00bb#006ac1&#8243; icon_placement=\u00bbleft\u00bb image_icon_width=\u00bb24px\u00bb _builder_version=\u00bb4.14.7&#8243; header_font=\u00bbOverpass|900|||||||\u00bb header_line_height=\u00bb1.4em\u00bb body_font=\u00bbOverpass|300|||||||\u00bb body_line_height=\u00bb1.8em\u00bb text_orientation=\u00bbcenter\u00bb icon_font_size=\u00bb24px\u00bb locked=\u00bboff\u00bb global_colors_info=\u00bb{}\u00bb]<\/p>\n<p>Ciudad Aut\u00f3noma de Buenos Aires<\/p>\n<p>[\/et_pb_blurb][\/et_pb_column][et_pb_column type=\u00bb3_5&#8243; _builder_version=\u00bb4.14.7&#8243; use_background_color_gradient=\u00bbon\u00bb background_color_gradient_start=\u00bb#00f6ff\u00bb background_color_gradient_end=\u00bb#47d7ff\u00bb background_color_gradient_type=\u00bbradial\u00bb background_color_gradient_direction_radial=\u00bbtop right\u00bb background_image=\u00bbhttps:\/\/www.zettabyte.com.ar\/site\/wp-content\/uploads\/2022\/01\/cyber-security-010-1.png\u00bb background_size=\u00bbcontain\u00bb background_position=\u00bbbottom_left\u00bb transform_translate_linked=\u00bboff\u00bb custom_padding=\u00bb60px|40px|60px|20%|true\u00bb custom_padding_tablet=\u00bb80px|||40px\u00bb custom_padding_phone=\u00bb\u00bb custom_padding_last_edited=\u00bbon|desktop\u00bb background_last_edited=\u00bbon|desktop\u00bb background_image_tablet=\u00bbhttp:\/\/zaib.sandbox.etdevs.com\/divi\/wp-content\/uploads\/sites\/2\/2019\/06\/cyber-security-11.png\u00bb background_enable_image_tablet=\u00bbon\u00bb background_position_tablet=\u00bbtop_left\u00bb global_colors_info=\u00bb{}\u00bb][et_pb_text _builder_version=\u00bb4.14.7&#8243; text_font=\u00bb||||||||\u00bb header_2_font=\u00bbOverpass|900|||||||\u00bb header_2_font_size=\u00bb45px\u00bb header_2_line_height=\u00bb1.1em\u00bb text_orientation=\u00bbcenter\u00bb header_2_font_size_tablet=\u00bb38px\u00bb header_2_font_size_phone=\u00bb26px\u00bb header_2_font_size_last_edited=\u00bbon|desktop\u00bb text_text_align=\u00bbcenter\u00bb locked=\u00bboff\u00bb global_colors_info=\u00bb{}\u00bb]<\/p>\n<h2>\u00bfQuer\u00e9s saber m\u00e1s?<\/h2>\n<p>[\/et_pb_text][et_pb_text _builder_version=\u00bb4.14.7&#8243; text_font=\u00bbOverpass|300|||||||\u00bb text_text_color=\u00bb#0a2d61&#8243; text_font_size=\u00bb17px\u00bb text_line_height=\u00bb1.8em\u00bb text_orientation=\u00bbcenter\u00bb text_font_size_tablet=\u00bb\u00bb text_font_size_phone=\u00bb14px\u00bb text_font_size_last_edited=\u00bbon|desktop\u00bb locked=\u00bboff\u00bb global_colors_info=\u00bb{}\u00bb]<\/p>\n<p>Despej\u00e1 tus dudas o hacenos tus consultas ingresando en el siguiente link<\/p>\n<p>[\/et_pb_text][et_pb_button button_url=\u00bbhttps:\/\/wa.link\/qoadhu\u00bb button_text=\u00bbContactar via whatsapp\u00bb button_alignment=\u00bbcenter\u00bb _builder_version=\u00bb4.14.7&#8243; custom_button=\u00bbon\u00bb button_text_size=\u00bb14px\u00bb button_text_color=\u00bb#ffffff\u00bb button_bg_use_color_gradient=\u00bbon\u00bb button_bg_color_gradient_start=\u00bb#003070&#8243; button_bg_color_gradient_end=\u00bb#001f4c\u00bb button_bg_color_gradient_type=\u00bbradial\u00bb button_bg_color_gradient_direction=\u00bb140deg\u00bb button_bg_color_gradient_direction_radial=\u00bbtop right\u00bb button_border_width=\u00bb0px\u00bb button_border_radius=\u00bb100px\u00bb button_font=\u00bbOverpass|900||on|||||\u00bb button_use_icon=\u00bboff\u00bb custom_padding=\u00bb20px|30px|20px|30px|true|true\u00bb box_shadow_style=\u00bbpreset3&#8243; box_shadow_vertical=\u00bb0px\u00bb box_shadow_blur=\u00bb0px\u00bb box_shadow_spread=\u00bb-10px\u00bb box_shadow_color=\u00bbrgba(25,114,255,0.4)\u00bb locked=\u00bboff\u00bb global_colors_info=\u00bb{}\u00bb box_shadow_color__hover=\u00bb#2585b2&#8243; box_shadow_blur__hover_enabled=\u00bbon\u00bb box_shadow_blur__hover=\u00bb40px\u00bb box_shadow_vertical__hover_enabled=\u00bbon\u00bb box_shadow_vertical__hover=\u00bb10px\u00bb][\/et_pb_button][\/et_pb_column][\/et_pb_row][\/et_pb_section]<\/p>\n","protected":false},"excerpt":{"rendered":"<p>\u00bfQue es Zettabytes?Una empresa que piensa en las mejores soluciones tecnol\u00f3gicas para empresas y organismos. ZettaByte nace en el a\u00f1o 2007, de la voluntad de un grupo de personas con muchos a\u00f1os de experiencia en el segmento de IT. Convencidos que la nueva realidad econ\u00f3mica en nuestro pa\u00eds generar\u00eda nuevas necesidades en las empresas, sumamos [&hellip;]<\/p>\n","protected":false},"author":2,"featured_media":0,"parent":0,"menu_order":0,"comment_status":"closed","ping_status":"closed","template":"","meta":{"_et_pb_use_builder":"on","_et_pb_old_content":"","_et_gb_content_width":"","footnotes":""},"class_list":["post-157","page","type-page","status-publish","hentry"],"_links":{"self":[{"href":"https:\/\/www.zettabyte.com.ar\/site\/wp-json\/wp\/v2\/pages\/157","targetHints":{"allow":["GET"]}}],"collection":[{"href":"https:\/\/www.zettabyte.com.ar\/site\/wp-json\/wp\/v2\/pages"}],"about":[{"href":"https:\/\/www.zettabyte.com.ar\/site\/wp-json\/wp\/v2\/types\/page"}],"author":[{"embeddable":true,"href":"https:\/\/www.zettabyte.com.ar\/site\/wp-json\/wp\/v2\/users\/2"}],"replies":[{"embeddable":true,"href":"https:\/\/www.zettabyte.com.ar\/site\/wp-json\/wp\/v2\/comments?post=157"}],"version-history":[{"count":11,"href":"https:\/\/www.zettabyte.com.ar\/site\/wp-json\/wp\/v2\/pages\/157\/revisions"}],"predecessor-version":[{"id":325,"href":"https:\/\/www.zettabyte.com.ar\/site\/wp-json\/wp\/v2\/pages\/157\/revisions\/325"}],"wp:attachment":[{"href":"https:\/\/www.zettabyte.com.ar\/site\/wp-json\/wp\/v2\/media?parent=157"}],"curies":[{"name":"wp","href":"https:\/\/api.w.org\/{rel}","templated":true}]}}